{"id":20099,"date":"2025-05-21T11:35:58","date_gmt":"2025-05-21T11:35:58","guid":{"rendered":"https:\/\/albanianwaterpartnership.org\/?page_id=20099"},"modified":"2025-07-10T15:03:39","modified_gmt":"2025-07-10T15:03:39","slug":"laws-policies","status":"publish","type":"page","link":"https:\/\/albanianwaterpartnership.org\/en\/laws-policies\/","title":{"rendered":"Laws &#038; Policies"},"content":{"rendered":"\t\t<div data-elementor-type=\"wp-page\" data-elementor-id=\"20099\" class=\"elementor elementor-20099\" data-elementor-post-type=\"page\">\n\t\t\t\t<div class=\"elementor-element elementor-element-e2f6344 e-flex e-con-boxed e-con e-parent\" data-id=\"e2f6344\" data-element_type=\"container\">\n\t\t\t\t\t<div class=\"e-con-inner\">\n\t\t\t\t<div class=\"elementor-element elementor-element-964cb6c elementor-widget elementor-widget-heading\" data-id=\"964cb6c\" data-element_type=\"widget\" data-widget_type=\"heading.default\">\n\t\t\t\t<div class=\"elementor-widget-container\">\n\t\t\t\t\t<h1 class=\"elementor-heading-title elementor-size-default\">\nLaws & Policies<\/h1>\t\t\t\t<\/div>\n\t\t\t\t<\/div>\n\t\t\t\t<div class=\"elementor-element elementor-element-d678353 arrow-style-1 elementor-widget elementor-widget-humani-post-grid\" data-id=\"d678353\" data-element_type=\"widget\" data-widget_type=\"humani-post-grid.default\">\n\t\t\t\t<div class=\"elementor-widget-container\">\n\t\t\t\t\t        <div class=\"elementor-post-wrapper post-style-1\">\n            <div class=\"row\" data-elementor-columns=\"3\" data-elementor-columns-tablet=\"2\" data-elementor-columns-mobile=\"1\">\n\n                <div class=\"column-item\">\n    <div class=\"post-inner\">\n                    <div class=\"post-thumbnail\">\n                <img fetchpriority=\"high\" decoding=\"async\" width=\"820\" height=\"580\" src=\"https:\/\/albanianwaterpartnership.org\/wp-content\/uploads\/2025\/06\/IMG_4072-820x580.png\" class=\"attachment-humani-post-grid size-humani-post-grid wp-post-image\" alt=\"\" \/>                \n        <span class=\"categories-link\"><span class=\"screen-reader-text\">Categories<\/span><a href=\"https:\/\/albanianwaterpartnership.org\/en\/category\/laws-policies\/\" rel=\"category tag\">Laws &amp; Policies<\/a><\/span>            <\/div>\n                <div class=\"content-wrap\">\n            <div class=\"entry-header\">\n                <h2 class=\"alpha entry-title\"><a href=\"https:\/\/albanianwaterpartnership.org\/wp-content\/uploads\/2025\/07\/VKM-Nr.696_30-10-2019-Per-percaktimin-e-kufijve-territoriale-hidrografike-te-baseneve-ujore-ne-Republiken-e-Shqiperise-dhe-te-qendres-e-perberjes-se-keshillit-te-secilit-prej-tyre.pdf\" rel=\"bookmark\">VKM Nr.696_30-10-2019 P\u00ebr p\u00ebrcaktimin e kufijve territorial\u00eb, hidrografik\u00eb t\u00eb baseneve ujore n\u00eb Republik\u00ebn e Shqip\u00ebris\u00eb dhe t\u00eb qendr\u00ebs e p\u00ebrb\u00ebrjes s\u00eb k\u00ebshillit t\u00eb secilit prej tyre<\/a><\/h2>                <div class=\"entry-content\">\n                    <p><\/p>\n                <\/div>\n                <div class=\"entry-meta\"><span class=\"posted-on\"><a href=\"https:\/\/albanianwaterpartnership.org\/wp-content\/uploads\/2025\/07\/VKM-Nr.696_30-10-2019-Per-percaktimin-e-kufijve-territoriale-hidrografike-te-baseneve-ujore-ne-Republiken-e-Shqiperise-dhe-te-qendres-e-perberjes-se-keshillit-te-secilit-prej-tyre.pdf\" rel=\"bookmark\"><time class=\"entry-date published\" datetime=\"2025-07-10T14:48:35+00:00\">July 10, 2025<\/time><time class=\"updated\" datetime=\"2025-07-10T15:18:12+00:00\">July 10, 2025<\/time><\/a><\/span> <span class=\"post-author\"><span>By <a href=\"https:\/\/albanianwaterpartnership.org\/en\/author\/info_5g6ac9z9\/\" rel=\"author\">admin<\/a><\/span><\/span>            <span class=\"meta-comment\">\n                    <a class=\"comment-link\" href=\"https:\/\/albanianwaterpartnership.org\/wp-content\/uploads\/2025\/07\/VKM-Nr.696_30-10-2019-Per-percaktimin-e-kufijve-territoriale-hidrografike-te-baseneve-ujore-ne-Republiken-e-Shqiperise-dhe-te-qendres-e-perberjes-se-keshillit-te-secilit-prej-tyre.pdf#respond\"><i class=\"humani-icon-comments\"><\/i>  0<\/a>\n                <\/span>\n        <\/div>            <\/div>\n        <\/div>\n    <\/div>\n<\/div>\n            <\/div>\n\n                            <div class=\"pagination\">\n                                    <\/div>\n                    <\/div>\n        \t\t\t\t<\/div>\n\t\t\t\t<\/div>\n\t\t\t\t<div class=\"elementor-element elementor-element-2da64ae elementor-widget elementor-widget-html\" data-id=\"2da64ae\" data-element_type=\"widget\" data-widget_type=\"html.default\">\n\t\t\t\t<div class=\"elementor-widget-container\">\n\t\t\t\t\t<style>\n    .elementor-pagination {\n    display: flex;\n    justify-content: center; \/* Optional: centers the pagination *\/\n    gap: 10px; \/* Optional: space between items *\/\n    flex-wrap: wrap; \/* Allows wrapping if needed *\/\n}\n\n.elementor-pagination .page-numbers {\n    display: inline-block;\n    padding: 8px 12px;\n    text-decoration: none;\n    border: 1px solid #ccc;\n    border-radius: 4px;\n}\n\n.elementor-pagination .current {\n    background-color: #0073aa;\n    color: white;\n    border-color: #0073aa;\n}\n\n<\/style>\t\t\t\t<\/div>\n\t\t\t\t<\/div>\n\t\t\t\t\t<\/div>\n\t\t\t\t<\/div>\n\t\t\t\t<\/div>\n\t\t","protected":false},"excerpt":{"rendered":"<p>Laws &#038; Policies<\/p>\n","protected":false},"author":1,"featured_media":0,"parent":0,"menu_order":0,"comment_status":"closed","ping_status":"closed","template":"","meta":{"give_campaign_id":0,"om_disable_all_campaigns":false,"inline_featured_image":false,"footnotes":"","_links_to":"","_links_to_target":""},"class_list":["post-20099","page","type-page","status-publish","hentry"],"yoast_head":"<!-- This site is optimized with the Yoast SEO Premium plugin v24.7 (Yoast SEO v25.1) - https:\/\/yoast.com\/wordpress\/plugins\/seo\/ -->\n<title>Laws &amp; Policies - Albanian Water Partnership<\/title>\n<meta name=\"robots\" content=\"index, follow, max-snippet:-1, max-image-preview:large, max-video-preview:-1\" \/>\n<link rel=\"canonical\" href=\"https:\/\/albanianwaterpartnership.org\/laws-policies\/\" \/>\n<meta property=\"og:locale\" content=\"en_US\" \/>\n<meta property=\"og:type\" content=\"article\" \/>\n<meta property=\"og:title\" content=\"Laws &amp; Policies\" \/>\n<meta property=\"og:description\" content=\"Laws &#038; Policies\" \/>\n<meta property=\"og:url\" content=\"https:\/\/albanianwaterpartnership.org\/laws-policies\/\" \/>\n<meta property=\"og:site_name\" content=\"Albanian Water Partnership\" \/>\n<meta property=\"article:modified_time\" content=\"2025-07-10T15:03:39+00:00\" \/>\n<meta name=\"twitter:card\" content=\"summary_large_image\" \/>\n<meta name=\"twitter:label1\" content=\"Est. reading time\" \/>\n\t<meta name=\"twitter:data1\" content=\"1 minute\" \/>\n<script type=\"application\/ld+json\" class=\"yoast-schema-graph\">{\"@context\":\"https:\/\/schema.org\",\"@graph\":[{\"@type\":\"WebPage\",\"@id\":\"https:\/\/albanianwaterpartnership.org\/laws-policies\/\",\"url\":\"https:\/\/albanianwaterpartnership.org\/laws-policies\/\",\"name\":\"Laws & Policies - Albanian Water Partnership\",\"isPartOf\":{\"@id\":\"https:\/\/albanianwaterpartnership.org\/#website\"},\"datePublished\":\"2025-05-21T11:35:58+00:00\",\"dateModified\":\"2025-07-10T15:03:39+00:00\",\"breadcrumb\":{\"@id\":\"https:\/\/albanianwaterpartnership.org\/laws-policies\/#breadcrumb\"},\"inLanguage\":\"en-US\",\"potentialAction\":[{\"@type\":\"ReadAction\",\"target\":[\"https:\/\/albanianwaterpartnership.org\/laws-policies\/\"]}]},{\"@type\":\"BreadcrumbList\",\"@id\":\"https:\/\/albanianwaterpartnership.org\/laws-policies\/#breadcrumb\",\"itemListElement\":[{\"@type\":\"ListItem\",\"position\":1,\"name\":\"Home\",\"item\":\"https:\/\/albanianwaterpartnership.org\/\"},{\"@type\":\"ListItem\",\"position\":2,\"name\":\"Laws &#038; Policies\"}]},{\"@type\":\"WebSite\",\"@id\":\"https:\/\/albanianwaterpartnership.org\/#website\",\"url\":\"https:\/\/albanianwaterpartnership.org\/\",\"name\":\"Albanian Water Partnership\",\"description\":\"Sustainable Water Management in Albania\",\"publisher\":{\"@id\":\"https:\/\/albanianwaterpartnership.org\/#organization\"},\"potentialAction\":[{\"@type\":\"SearchAction\",\"target\":{\"@type\":\"EntryPoint\",\"urlTemplate\":\"https:\/\/albanianwaterpartnership.org\/?s={search_term_string}\"},\"query-input\":{\"@type\":\"PropertyValueSpecification\",\"valueRequired\":true,\"valueName\":\"search_term_string\"}}],\"inLanguage\":\"en-US\"},{\"@type\":\"Organization\",\"@id\":\"https:\/\/albanianwaterpartnership.org\/#organization\",\"name\":\"Albanian Water Partnership\",\"url\":\"https:\/\/albanianwaterpartnership.org\/\",\"logo\":{\"@type\":\"ImageObject\",\"inLanguage\":\"en-US\",\"@id\":\"https:\/\/albanianwaterpartnership.org\/#\/schema\/logo\/image\/\",\"url\":\"https:\/\/albanianwaterpartnership.org\/wp-content\/uploads\/2025\/05\/cropped-logo_awp.png\",\"contentUrl\":\"https:\/\/albanianwaterpartnership.org\/wp-content\/uploads\/2025\/05\/cropped-logo_awp.png\",\"width\":1772,\"height\":999,\"caption\":\"Albanian Water Partnership\"},\"image\":{\"@id\":\"https:\/\/albanianwaterpartnership.org\/#\/schema\/logo\/image\/\"}}]}<\/script>\n<!-- \/ Yoast SEO Premium plugin. -->","yoast_head_json":{"title":"Laws & Policies - Albanian Water Partnership","robots":{"index":"index","follow":"follow","max-snippet":"max-snippet:-1","max-image-preview":"max-image-preview:large","max-video-preview":"max-video-preview:-1"},"canonical":"https:\/\/albanianwaterpartnership.org\/laws-policies\/","og_locale":"en_US","og_type":"article","og_title":"Laws & Policies","og_description":"Laws &#038; Policies","og_url":"https:\/\/albanianwaterpartnership.org\/laws-policies\/","og_site_name":"Albanian Water Partnership","article_modified_time":"2025-07-10T15:03:39+00:00","twitter_card":"summary_large_image","twitter_misc":{"Est. reading time":"1 minute"},"schema":{"@context":"https:\/\/schema.org","@graph":[{"@type":"WebPage","@id":"https:\/\/albanianwaterpartnership.org\/laws-policies\/","url":"https:\/\/albanianwaterpartnership.org\/laws-policies\/","name":"Laws & Policies - Albanian Water Partnership","isPartOf":{"@id":"https:\/\/albanianwaterpartnership.org\/#website"},"datePublished":"2025-05-21T11:35:58+00:00","dateModified":"2025-07-10T15:03:39+00:00","breadcrumb":{"@id":"https:\/\/albanianwaterpartnership.org\/laws-policies\/#breadcrumb"},"inLanguage":"en-US","potentialAction":[{"@type":"ReadAction","target":["https:\/\/albanianwaterpartnership.org\/laws-policies\/"]}]},{"@type":"BreadcrumbList","@id":"https:\/\/albanianwaterpartnership.org\/laws-policies\/#breadcrumb","itemListElement":[{"@type":"ListItem","position":1,"name":"Home","item":"https:\/\/albanianwaterpartnership.org\/"},{"@type":"ListItem","position":2,"name":"Laws &#038; Policies"}]},{"@type":"WebSite","@id":"https:\/\/albanianwaterpartnership.org\/#website","url":"https:\/\/albanianwaterpartnership.org\/","name":"Albanian Water Partnership","description":"Sustainable Water Management in Albania","publisher":{"@id":"https:\/\/albanianwaterpartnership.org\/#organization"},"potentialAction":[{"@type":"SearchAction","target":{"@type":"EntryPoint","urlTemplate":"https:\/\/albanianwaterpartnership.org\/?s={search_term_string}"},"query-input":{"@type":"PropertyValueSpecification","valueRequired":true,"valueName":"search_term_string"}}],"inLanguage":"en-US"},{"@type":"Organization","@id":"https:\/\/albanianwaterpartnership.org\/#organization","name":"Albanian Water Partnership","url":"https:\/\/albanianwaterpartnership.org\/","logo":{"@type":"ImageObject","inLanguage":"en-US","@id":"https:\/\/albanianwaterpartnership.org\/#\/schema\/logo\/image\/","url":"https:\/\/albanianwaterpartnership.org\/wp-content\/uploads\/2025\/05\/cropped-logo_awp.png","contentUrl":"https:\/\/albanianwaterpartnership.org\/wp-content\/uploads\/2025\/05\/cropped-logo_awp.png","width":1772,"height":999,"caption":"Albanian Water Partnership"},"image":{"@id":"https:\/\/albanianwaterpartnership.org\/#\/schema\/logo\/image\/"}}]}},"campaignId":"","_links":{"self":[{"href":"https:\/\/albanianwaterpartnership.org\/en\/wp-json\/wp\/v2\/pages\/20099","targetHints":{"allow":["GET"]}}],"collection":[{"href":"https:\/\/albanianwaterpartnership.org\/en\/wp-json\/wp\/v2\/pages"}],"about":[{"href":"https:\/\/albanianwaterpartnership.org\/en\/wp-json\/wp\/v2\/types\/page"}],"author":[{"embeddable":true,"href":"https:\/\/albanianwaterpartnership.org\/en\/wp-json\/wp\/v2\/users\/1"}],"replies":[{"embeddable":true,"href":"https:\/\/albanianwaterpartnership.org\/en\/wp-json\/wp\/v2\/comments?post=20099"}],"version-history":[{"count":13,"href":"https:\/\/albanianwaterpartnership.org\/en\/wp-json\/wp\/v2\/pages\/20099\/revisions"}],"predecessor-version":[{"id":21446,"href":"https:\/\/albanianwaterpartnership.org\/en\/wp-json\/wp\/v2\/pages\/20099\/revisions\/21446"}],"wp:attachment":[{"href":"https:\/\/albanianwaterpartnership.org\/en\/wp-json\/wp\/v2\/media?parent=20099"}],"curies":[{"name":"wp","href":"https:\/\/api.w.org\/{rel}","templated":true}]}}